{"id":11735,"date":"2022-05-15T17:53:03","date_gmt":"2022-05-15T15:53:03","guid":{"rendered":"https:\/\/biografski-sb.si\/?page_id=11735"},"modified":"2023-12-27T08:25:41","modified_gmt":"2023-12-27T07:25:41","slug":"o-obcini","status":"publish","type":"page","link":"https:\/\/biografski-sb.si\/?page_id=11735","title":{"rendered":"O ob\u010dini"},"content":{"rendered":"\t\t<div data-elementor-type=\"wp-page\" data-elementor-id=\"11735\" class=\"elementor elementor-11735\">\n\t\t\t\t\t\t<section class=\"elementor-section elementor-top-section elementor-element elementor-element-0d405b9 elementor-section-boxed elementor-section-height-default elementor-section-height-default\" data-id=\"0d405b9\" data-element_type=\"section\" data-e-type=\"section\">\n\t\t\t\t\t\t<div class=\"elementor-container elementor-column-gap-default\">\n\t\t\t\t\t<div class=\"elementor-column elementor-col-33 elementor-top-column elementor-element elementor-element-54613dc\" data-id=\"54613dc\" data-element_type=\"column\" data-e-type=\"column\">\n\t\t\t<div class=\"elementor-widget-wrap\">\n\t\t\t\t\t\t\t<\/div>\n\t\t<\/div>\n\t\t\t\t<div class=\"elementor-column elementor-col-33 elementor-top-column elementor-element elementor-element-17c8511\" data-id=\"17c8511\" data-element_type=\"column\" data-e-type=\"column\">\n\t\t\t<div class=\"elementor-widget-wrap elementor-element-populated\">\n\t\t\t\t\t\t<div class=\"elementor-element elementor-element-2cca09e elementor-widget elementor-widget-image\" data-id=\"2cca09e\" data-element_type=\"widget\" data-e-type=\"widget\" data-widget_type=\"image.default\">\n\t\t\t\t<div class=\"elementor-widget-container\">\n\t\t\t\t\t\t\t\t\t\t\t\t\t\t\t<img fetchpriority=\"high\" decoding=\"async\" width=\"1024\" height=\"260\" src=\"https:\/\/biografski-sb.si\/wp-content\/uploads\/2023\/12\/Biografski-logo-1024x260.jpg\" class=\"attachment-large size-large wp-image-31552\" alt=\"\" srcset=\"https:\/\/biografski-sb.si\/wp-content\/uploads\/2023\/12\/Biografski-logo-1024x260.jpg 1024w, https:\/\/biografski-sb.si\/wp-content\/uploads\/2023\/12\/elementor\/thumbs\/Biografski-logo-qha872128yiomoyw47ga1prgp4tkb9kws8u4lvxn1q.jpg 300w, https:\/\/biografski-sb.si\/wp-content\/uploads\/2023\/12\/Biografski-logo-768x195.jpg 768w, https:\/\/biografski-sb.si\/wp-content\/uploads\/2023\/12\/Biografski-logo-1536x390.jpg 1536w, https:\/\/biografski-sb.si\/wp-content\/uploads\/2023\/12\/Biografski-logo.jpg 1588w\" sizes=\"(max-width: 1024px) 100vw, 1024px\" \/>\t\t\t\t\t\t\t\t\t\t\t\t\t\t\t<\/div>\n\t\t\t\t<\/div>\n\t\t\t\t\t<\/div>\n\t\t<\/div>\n\t\t\t\t<div class=\"elementor-column elementor-col-33 elementor-top-column elementor-element elementor-element-804a814\" data-id=\"804a814\" data-element_type=\"column\" data-e-type=\"column\">\n\t\t\t<div class=\"elementor-widget-wrap\">\n\t\t\t\t\t\t\t<\/div>\n\t\t<\/div>\n\t\t\t\t\t<\/div>\n\t\t<\/section>\n\t\t\t\t<section class=\"elementor-section elementor-top-section elementor-element elementor-element-dc9e690 elementor-section-boxed elementor-section-height-default elementor-section-height-default\" data-id=\"dc9e690\" data-element_type=\"section\" data-e-type=\"section\">\n\t\t\t\t\t\t<div class=\"elementor-container elementor-column-gap-default\">\n\t\t\t\t\t<div class=\"elementor-column elementor-col-33 elementor-top-column elementor-element elementor-element-8837a45\" data-id=\"8837a45\" data-element_type=\"column\" data-e-type=\"column\">\n\t\t\t<div class=\"elementor-widget-wrap\">\n\t\t\t\t\t\t\t<\/div>\n\t\t<\/div>\n\t\t\t\t<div class=\"elementor-column elementor-col-66 elementor-top-column elementor-element elementor-element-3945ec4\" data-id=\"3945ec4\" data-element_type=\"column\" data-e-type=\"column\">\n\t\t\t<div class=\"elementor-widget-wrap elementor-element-populated\">\n\t\t\t\t\t\t<div class=\"elementor-element elementor-element-62ae4f5 elementor-widget elementor-widget-text-editor\" data-id=\"62ae4f5\" data-element_type=\"widget\" data-e-type=\"widget\" data-widget_type=\"text-editor.default\">\n\t\t\t\t<div class=\"elementor-widget-container\">\n\t\t\t\t\t\t\t\t\t<p><strong>O ob\u010dini in mestu Slovenska Bistrica<\/strong><\/p>\t\t\t\t\t\t\t\t<\/div>\n\t\t\t\t<\/div>\n\t\t\t\t\t<\/div>\n\t\t<\/div>\n\t\t\t\t\t<\/div>\n\t\t<\/section>\n\t\t\t\t<section class=\"elementor-section elementor-top-section elementor-element elementor-element-75cdc48 elementor-section-boxed elementor-section-height-default elementor-section-height-default\" data-id=\"75cdc48\" data-element_type=\"section\" data-e-type=\"section\">\n\t\t\t\t\t\t<div class=\"elementor-container elementor-column-gap-default\">\n\t\t\t\t\t<div class=\"elementor-column elementor-col-33 elementor-top-column elementor-element elementor-element-62926c5\" data-id=\"62926c5\" data-element_type=\"column\" data-e-type=\"column\">\n\t\t\t<div class=\"elementor-widget-wrap elementor-element-populated\">\n\t\t\t\t\t\t<div class=\"elementor-element elementor-element-ae5ee46 elementor-widget elementor-widget-image\" data-id=\"ae5ee46\" data-element_type=\"widget\" data-e-type=\"widget\" data-widget_type=\"image.default\">\n\t\t\t\t<div class=\"elementor-widget-container\">\n\t\t\t\t\t\t\t\t\t\t\t\t\t\t\t<img decoding=\"async\" width=\"353\" height=\"236\" src=\"https:\/\/biografski-sb.si\/wp-content\/uploads\/2022\/05\/Zem-obc.jpg\" class=\"attachment-large size-large wp-image-18233\" alt=\"\" srcset=\"https:\/\/biografski-sb.si\/wp-content\/uploads\/2022\/05\/Zem-obc.jpg 353w, https:\/\/biografski-sb.si\/wp-content\/uploads\/2022\/05\/Zem-obc-300x201.jpg 300w\" sizes=\"(max-width: 353px) 100vw, 353px\" \/>\t\t\t\t\t\t\t\t\t\t\t\t\t\t\t<\/div>\n\t\t\t\t<\/div>\n\t\t\t\t\t<\/div>\n\t\t<\/div>\n\t\t\t\t<div class=\"elementor-column elementor-col-66 elementor-top-column elementor-element elementor-element-66dfc0a\" data-id=\"66dfc0a\" data-element_type=\"column\" data-e-type=\"column\">\n\t\t\t<div class=\"elementor-widget-wrap elementor-element-populated\">\n\t\t\t\t\t\t<div class=\"elementor-element elementor-element-71c5294 elementor-widget elementor-widget-text-editor\" data-id=\"71c5294\" data-element_type=\"widget\" data-e-type=\"widget\" data-widget_type=\"text-editor.default\">\n\t\t\t\t<div class=\"elementor-widget-container\">\n\t\t\t\t\t\t\t\t\t<p>Ob\u010dina Slovenska Bistrica meri 260 km2 in \u0161teje okoli 26.000 prebivalcev. Okoli 2\/3 gospodarstva ob\u010dine predstavlja predelovalna industrija, okoli 25% pa nestoritvene dejavnosti.<br \/>Ob\u010dina se lahko pohvali s \u0161tevilnimi naravnimi znamenitostmi ter kulturnimi in zgodovinskimi spomeniki.<br \/>Od nekdanje najve\u010dje slovenske ob\u010dine so se po osamosvojitvi odcepile naslednje novonatale ob\u010dine: Oplotnica 1998, Polj\u010dane in Makole 2006.<\/p><p>Sredi\u0161\u010de ob\u010dine, mesto Slovenska Bistrica, je eno starej\u0161ih mest na Slovenskem. Danes je gospodarsko, upravno in kulturno sredi\u0161\u010de pokrajine med Pohorjem in Halozami.<br \/>Le\u017ei na nadmorski vi\u0161ini 274m in ima cca 8000 prebivalcev ter je sredi\u0161\u010de ob\u010dine.<br \/>Prvi znani lastniki kraja so bili v prvi polovici 11. stol. <strong><a href=\"https:\/\/biografski-sb.si\/?page_id=6783\">Spanheimi<\/a>.<\/strong> Njim so sledili <strong><a href=\"https:\/\/biografski-sb.si\/?page_id=7663\">Otokarji<\/a><\/strong> (Traungavci), za njimi <strong><a href=\"https:\/\/biografski-sb.si\/?page_id=3759\">Babenber\u017eani<\/a><\/strong>, nato <strong><a href=\"https:\/\/biografski-sb.si\/?page_id=3978\">grofje Celjski<\/a><\/strong>, ki so jim sledili Habsbur\u017eani.<br \/>Prvotno naselje se je razvilo na sti\u010di\u0161\u010du cest v smereh dana\u0161njega Maribora, Ptuja in Celja.<br \/>Poselitev tega prostora sega \u017ee v anti\u010dno in \u0161e v starej\u0161a obdobja; v srednjem veku se je \u0161irilo iz prvotnega Gradi\u0161\u010da v prostor dana\u0161nje poselitve. Prvi pisni dokument izhaja iz leta 1227, kjer se kraj imenuje Feistritz &#8211; Bistrica; ime Slovenska je mesto pridobilo \u0161ele leta 1565.<br \/>Kraj je bil pomemben \u017ee v za\u010detku 13. stol., ko je v \u010dasu Babenber\u017eanov dobil tr\u017ene pravice, mestne pravice pa v obdobju do 1313.<br \/>Bistrico so prizadeli vsaj trije veliki po\u017eari in ga vselej tudi upepelili. Vidnej\u0161i razvoj je v kraj prinesla izgradnja ceste med Dunajem in Trstom. Takrat so zgradili ve\u010dino mestnih stavb. Na izteku 18. stol. je mesto ponovno dvakrat pogorelo, posledica \u010desar je, da je ve\u010dina dana\u0161njih mestnih stavb iz obdobja po po\u017earu.<\/p>\t\t\t\t\t\t\t\t<\/div>\n\t\t\t\t<\/div>\n\t\t\t\t\t<\/div>\n\t\t<\/div>\n\t\t\t\t\t<\/div>\n\t\t<\/section>\n\t\t\t\t<section class=\"elementor-section elementor-top-section elementor-element elementor-element-7f5d3ee elementor-section-content-middle elementor-section-boxed elementor-section-height-default elementor-section-height-default\" data-id=\"7f5d3ee\" data-element_type=\"section\" data-e-type=\"section\" data-settings=\"{&quot;background_background&quot;:&quot;classic&quot;}\">\n\t\t\t\t\t\t<div class=\"elementor-container elementor-column-gap-custom\">\n\t\t\t\t\t<div class=\"elementor-column elementor-col-100 elementor-top-column elementor-element elementor-element-fad815a\" data-id=\"fad815a\" data-element_type=\"column\" data-e-type=\"column\">\n\t\t\t<div class=\"elementor-widget-wrap elementor-element-populated\">\n\t\t\t\t\t\t<div class=\"elementor-element elementor-element-11af5cb elementor-widget__width-initial elementor-widget elementor-widget-text-editor\" data-id=\"11af5cb\" data-element_type=\"widget\" data-e-type=\"widget\" data-widget_type=\"text-editor.default\">\n\t\t\t\t<div class=\"elementor-widget-container\">\n\t\t\t\t\t\t\t\t\t<p><span class=\"sp-copyright\"><span style=\"color: #ffffff;\">\u00a9 Copyrights biografski-sb.si \/ Silvo Husu<\/span><br \/><\/span><\/p>\t\t\t\t\t\t\t\t<\/div>\n\t\t\t\t<\/div>\n\t\t\t\t\t<\/div>\n\t\t<\/div>\n\t\t\t\t\t<\/div>\n\t\t<\/section>\n\t\t\t\t<\/div>\n\t\t","protected":false},"excerpt":{"rendered":"<p>O ob\u010dini in mestu Slovenska Bistrica Ob\u010dina Slovenska Bistrica meri 260 km2 in \u0161teje okoli 26.000 prebivalcev. Okoli 2\/3 gospodarstva ob\u010dine predstavlja predelovalna industrija, okoli 25% pa nestoritvene dejavnosti.Ob\u010dina se lahko pohvali s \u0161tevilnimi naravnimi znamenitostmi ter kulturnimi in zgodovinskimi spomeniki.Od nekdanje najve\u010dje slovenske ob\u010dine so se po osamosvojitvi odcepile naslednje novonatale ob\u010dine: Oplotnica 1998, [&hellip;]<\/p>\n","protected":false},"author":1,"featured_media":0,"parent":0,"menu_order":0,"comment_status":"closed","ping_status":"closed","template":"","meta":{"ocean_post_layout":"full-screen","ocean_both_sidebars_style":"","ocean_both_sidebars_content_width":0,"ocean_both_sidebars_sidebars_width":0,"ocean_sidebar":"0","ocean_second_sidebar":"0","ocean_disable_margins":"enable","ocean_add_body_class":"","ocean_shortcode_before_top_bar":"","ocean_shortcode_after_top_bar":"","ocean_shortcode_before_header":"","ocean_shortcode_after_header":"","ocean_has_shortcode":"","ocean_shortcode_after_title":"","ocean_shortcode_before_footer_widgets":"","ocean_shortcode_after_footer_widgets":"","ocean_shortcode_before_footer_bottom":"","ocean_shortcode_after_footer_bottom":"","ocean_display_top_bar":"off","ocean_display_header":"default","ocean_header_style":"","ocean_center_header_left_menu":"0","ocean_custom_header_template":"0","ocean_custom_logo":0,"ocean_custom_retina_logo":0,"ocean_custom_logo_max_width":0,"ocean_custom_logo_tablet_max_width":0,"ocean_custom_logo_mobile_max_width":0,"ocean_custom_logo_max_height":0,"ocean_custom_logo_tablet_max_height":0,"ocean_custom_logo_mobile_max_height":0,"ocean_header_custom_menu":"0","ocean_menu_typo_font_family":"0","ocean_menu_typo_font_subset":"","ocean_menu_typo_font_size":0,"ocean_menu_typo_font_size_tablet":0,"ocean_menu_typo_font_size_mobile":0,"ocean_menu_typo_font_size_unit":"px","ocean_menu_typo_font_weight":"","ocean_menu_typo_font_weight_tablet":"","ocean_menu_typo_font_weight_mobile":"","ocean_menu_typo_transform":"","ocean_menu_typo_transform_tablet":"","ocean_menu_typo_transform_mobile":"","ocean_menu_typo_line_height":0,"ocean_menu_typo_line_height_tablet":0,"ocean_menu_typo_line_height_mobile":0,"ocean_menu_typo_line_height_unit":"","ocean_menu_typo_spacing":0,"ocean_menu_typo_spacing_tablet":0,"ocean_menu_typo_spacing_mobile":0,"ocean_menu_typo_spacing_unit":"","ocean_menu_link_color":"","ocean_menu_link_color_hover":"","ocean_menu_link_color_active":"","ocean_menu_link_background":"","ocean_menu_link_hover_background":"","ocean_menu_link_active_background":"","ocean_menu_social_links_bg":"","ocean_menu_social_hover_links_bg":"","ocean_menu_social_links_color":"","ocean_menu_social_hover_links_color":"","ocean_disable_title":"on","ocean_disable_heading":"default","ocean_post_title":"","ocean_post_subheading":"","ocean_post_title_style":"","ocean_post_title_background_color":"","ocean_post_title_background":0,"ocean_post_title_bg_image_position":"","ocean_post_title_bg_image_attachment":"","ocean_post_title_bg_image_repeat":"","ocean_post_title_bg_image_size":"","ocean_post_title_height":0,"ocean_post_title_bg_overlay":0.5,"ocean_post_title_bg_overlay_color":"","ocean_disable_breadcrumbs":"default","ocean_breadcrumbs_color":"","ocean_breadcrumbs_separator_color":"","ocean_breadcrumbs_links_color":"","ocean_breadcrumbs_links_hover_color":"","ocean_display_footer_widgets":"off","ocean_display_footer_bottom":"off","ocean_custom_footer_template":"0","footnotes":""},"class_list":["post-11735","page","type-page","status-publish","hentry","entry"],"_links":{"self":[{"href":"https:\/\/biografski-sb.si\/index.php?rest_route=\/wp\/v2\/pages\/11735","targetHints":{"allow":["GET"]}}],"collection":[{"href":"https:\/\/biografski-sb.si\/index.php?rest_route=\/wp\/v2\/pages"}],"about":[{"href":"https:\/\/biografski-sb.si\/index.php?rest_route=\/wp\/v2\/types\/page"}],"author":[{"embeddable":true,"href":"https:\/\/biografski-sb.si\/index.php?rest_route=\/wp\/v2\/users\/1"}],"replies":[{"embeddable":true,"href":"https:\/\/biografski-sb.si\/index.php?rest_route=%2Fwp%2Fv2%2Fcomments&post=11735"}],"version-history":[{"count":147,"href":"https:\/\/biografski-sb.si\/index.php?rest_route=\/wp\/v2\/pages\/11735\/revisions"}],"predecessor-version":[{"id":32899,"href":"https:\/\/biografski-sb.si\/index.php?rest_route=\/wp\/v2\/pages\/11735\/revisions\/32899"}],"wp:attachment":[{"href":"https:\/\/biografski-sb.si\/index.php?rest_route=%2Fwp%2Fv2%2Fmedia&parent=11735"}],"curies":[{"name":"wp","href":"https:\/\/api.w.org\/{rel}","templated":true}]}}