{"id":25345,"date":"2022-12-14T09:38:20","date_gmt":"2022-12-14T08:38:20","guid":{"rendered":"https:\/\/biografski-sb.si\/?page_id=25345"},"modified":"2024-01-16T11:32:52","modified_gmt":"2024-01-16T10:32:52","slug":"becirovic-memi","status":"publish","type":"page","link":"https:\/\/biografski-sb.si\/?page_id=25345","title":{"rendered":"Be\u010dirovi\u0107 Mehmed &#8211; Memi"},"content":{"rendered":"\t\t<div data-elementor-type=\"wp-page\" data-elementor-id=\"25345\" class=\"elementor elementor-25345\">\n\t\t\t\t\t\t<section class=\"elementor-section elementor-top-section elementor-element elementor-element-c31bc01 elementor-section-boxed elementor-section-height-default elementor-section-height-default\" data-id=\"c31bc01\" data-element_type=\"section\" data-e-type=\"section\">\n\t\t\t\t\t\t<div class=\"elementor-container elementor-column-gap-default\">\n\t\t\t\t\t<div class=\"elementor-column elementor-col-20 elementor-top-column elementor-element elementor-element-c179c9a\" data-id=\"c179c9a\" data-element_type=\"column\" data-e-type=\"column\">\n\t\t\t<div class=\"elementor-widget-wrap elementor-element-populated\">\n\t\t\t\t\t\t\t<\/div>\n\t\t<\/div>\n\t\t\t\t<div class=\"elementor-column elementor-col-20 elementor-top-column elementor-element elementor-element-8d06764\" data-id=\"8d06764\" data-element_type=\"column\" data-e-type=\"column\">\n\t\t\t<div class=\"elementor-widget-wrap elementor-element-populated\">\n\t\t\t\t\t\t\t<\/div>\n\t\t<\/div>\n\t\t\t\t<div class=\"elementor-column elementor-col-20 elementor-top-column elementor-element elementor-element-5115e1c\" data-id=\"5115e1c\" data-element_type=\"column\" data-e-type=\"column\">\n\t\t\t<div class=\"elementor-widget-wrap elementor-element-populated\">\n\t\t\t\t\t\t\t<\/div>\n\t\t<\/div>\n\t\t\t\t<div class=\"elementor-column elementor-col-20 elementor-top-column elementor-element elementor-element-c8ac6f2\" data-id=\"c8ac6f2\" data-element_type=\"column\" data-e-type=\"column\">\n\t\t\t<div class=\"elementor-widget-wrap elementor-element-populated\">\n\t\t\t\t\t\t\t<\/div>\n\t\t<\/div>\n\t\t\t\t<div class=\"elementor-column elementor-col-20 elementor-top-column elementor-element elementor-element-168db07\" data-id=\"168db07\" data-element_type=\"column\" data-e-type=\"column\">\n\t\t\t<div class=\"elementor-widget-wrap elementor-element-populated\">\n\t\t\t\t\t\t\t<\/div>\n\t\t<\/div>\n\t\t\t\t\t<\/div>\n\t\t<\/section>\n\t\t\t\t<section class=\"elementor-section elementor-top-section elementor-element elementor-element-1196707 elementor-section-boxed elementor-section-height-default elementor-section-height-default\" data-id=\"1196707\" data-element_type=\"section\" data-e-type=\"section\">\n\t\t\t\t\t\t<div class=\"elementor-container elementor-column-gap-default\">\n\t\t\t\t\t<div class=\"elementor-column elementor-col-33 elementor-top-column elementor-element elementor-element-50ca108\" data-id=\"50ca108\" data-element_type=\"column\" data-e-type=\"column\">\n\t\t\t<div class=\"elementor-widget-wrap elementor-element-populated\">\n\t\t\t\t\t\t<div class=\"elementor-element elementor-element-2e87d08 elementor-widget__width-initial elementor-widget elementor-widget-image\" data-id=\"2e87d08\" data-element_type=\"widget\" data-e-type=\"widget\" data-widget_type=\"image.default\">\n\t\t\t\t<div class=\"elementor-widget-container\">\n\t\t\t\t\t\t\t\t\t\t\t\t\t\t\t<img fetchpriority=\"high\" decoding=\"async\" width=\"786\" height=\"1181\" src=\"https:\/\/biografski-sb.si\/wp-content\/uploads\/2023\/01\/Becirovic-Memi.jpg\" class=\"attachment-2048x2048 size-2048x2048 wp-image-27171\" alt=\"\" srcset=\"https:\/\/biografski-sb.si\/wp-content\/uploads\/2023\/01\/Becirovic-Memi.jpg 786w, https:\/\/biografski-sb.si\/wp-content\/uploads\/2023\/01\/Becirovic-Memi-200x300.jpg 200w, https:\/\/biografski-sb.si\/wp-content\/uploads\/2023\/01\/Becirovic-Memi-682x1024.jpg 682w, https:\/\/biografski-sb.si\/wp-content\/uploads\/2023\/01\/Becirovic-Memi-768x1154.jpg 768w\" sizes=\"(max-width: 786px) 100vw, 786px\" \/>\t\t\t\t\t\t\t\t\t\t\t\t\t\t\t<\/div>\n\t\t\t\t<\/div>\n\t\t\t\t<div class=\"elementor-element elementor-element-1c6a4e2 elementor-widget elementor-widget-text-editor\" data-id=\"1c6a4e2\" data-element_type=\"widget\" data-e-type=\"widget\" data-widget_type=\"text-editor.default\">\n\t\t\t\t<div class=\"elementor-widget-container\">\n\t\t\t\t\t\t\t\t\t<p><em><strong><span style=\"color: #000000;\">Foto:<\/span><\/strong> Osebni arhiv Memija Be\u010dirovi\u0107a<br \/><\/em><\/p>\t\t\t\t\t\t\t\t<\/div>\n\t\t\t\t<\/div>\n\t\t\t\t\t<\/div>\n\t\t<\/div>\n\t\t\t\t<div class=\"elementor-column elementor-col-33 elementor-top-column elementor-element elementor-element-fa0b441\" data-id=\"fa0b441\" data-element_type=\"column\" data-e-type=\"column\">\n\t\t\t<div class=\"elementor-widget-wrap\">\n\t\t\t\t\t\t\t<\/div>\n\t\t<\/div>\n\t\t\t\t<div class=\"elementor-column elementor-col-33 elementor-top-column elementor-element elementor-element-6740ea4\" data-id=\"6740ea4\" data-element_type=\"column\" data-e-type=\"column\">\n\t\t\t<div class=\"elementor-widget-wrap elementor-element-populated\">\n\t\t\t\t\t\t<div class=\"elementor-element elementor-element-c9f89f8 elementor-widget elementor-widget-text-editor\" data-id=\"c9f89f8\" data-element_type=\"widget\" data-e-type=\"widget\" data-widget_type=\"text-editor.default\">\n\t\t\t\t<div class=\"elementor-widget-container\">\n\t\t\t\t\t\t\t\t\t<p><span style=\"color: #333333;\">BE\u010cIROVI\u0106, Mehmed &#8211; Memi<\/span><\/p>\t\t\t\t\t\t\t\t<\/div>\n\t\t\t\t<\/div>\n\t\t\t\t<div class=\"elementor-element elementor-element-1afcad3 elementor-widget elementor-widget-text-editor\" data-id=\"1afcad3\" data-element_type=\"widget\" data-e-type=\"widget\" data-widget_type=\"text-editor.default\">\n\t\t\t\t<div class=\"elementor-widget-container\">\n\t\t\t\t\t\t\t\t\t<p>(1961\u2212)<\/p>\t\t\t\t\t\t\t\t<\/div>\n\t\t\t\t<\/div>\n\t\t\t\t<div class=\"elementor-element elementor-element-96d2dd2 elementor-widget elementor-widget-text-editor\" data-id=\"96d2dd2\" data-element_type=\"widget\" data-e-type=\"widget\" data-widget_type=\"text-editor.default\">\n\t\t\t\t<div class=\"elementor-widget-container\">\n\t\t\t\t\t\t\t\t\t<p><span style=\"color: #000000;\">* 1. marec 1961 \u2022 Slovenska Bistrica<br \/><\/span><\/p>\t\t\t\t\t\t\t\t<\/div>\n\t\t\t\t<\/div>\n\t\t\t\t\t<\/div>\n\t\t<\/div>\n\t\t\t\t\t<\/div>\n\t\t<\/section>\n\t\t\t\t<section class=\"elementor-section elementor-top-section elementor-element elementor-element-c5d27cd elementor-section-content-top elementor-section-boxed elementor-section-height-default elementor-section-height-default\" data-id=\"c5d27cd\" data-element_type=\"section\" data-e-type=\"section\">\n\t\t\t\t\t\t<div class=\"elementor-container elementor-column-gap-default\">\n\t\t\t\t\t<div class=\"elementor-column elementor-col-50 elementor-top-column elementor-element elementor-element-6f62067\" data-id=\"6f62067\" data-element_type=\"column\" data-e-type=\"column\">\n\t\t\t<div class=\"elementor-widget-wrap elementor-element-populated\">\n\t\t\t\t\t\t<div class=\"elementor-element elementor-element-0d39559 elementor-widget elementor-widget-text-editor\" data-id=\"0d39559\" data-element_type=\"widget\" data-e-type=\"widget\" data-widget_type=\"text-editor.default\">\n\t\t\t\t<div class=\"elementor-widget-container\">\n\t\t\t\t\t\t\t\t\t<p><em><strong><span style=\"color: #000000;\">Poklic ali dejavnost:<\/span><br \/><\/strong><\/em><\/p>\t\t\t\t\t\t\t\t<\/div>\n\t\t\t\t<\/div>\n\t\t\t\t\t<\/div>\n\t\t<\/div>\n\t\t\t\t<div class=\"elementor-column elementor-col-50 elementor-top-column elementor-element elementor-element-587b6b1\" data-id=\"587b6b1\" data-element_type=\"column\" data-e-type=\"column\">\n\t\t\t<div class=\"elementor-widget-wrap elementor-element-populated\">\n\t\t\t\t\t\t<div class=\"elementor-element elementor-element-332814e e-transform elementor-widget elementor-widget-text-editor\" data-id=\"332814e\" data-element_type=\"widget\" data-e-type=\"widget\" data-settings=\"{&quot;_animation&quot;:&quot;none&quot;,&quot;_transform_skewX_effect&quot;:{&quot;unit&quot;:&quot;px&quot;,&quot;size&quot;:0,&quot;sizes&quot;:[]},&quot;_transform_skewX_effect_tablet&quot;:{&quot;unit&quot;:&quot;deg&quot;,&quot;size&quot;:&quot;&quot;,&quot;sizes&quot;:[]},&quot;_transform_skewX_effect_mobile&quot;:{&quot;unit&quot;:&quot;deg&quot;,&quot;size&quot;:&quot;&quot;,&quot;sizes&quot;:[]},&quot;_transform_skewY_effect&quot;:{&quot;unit&quot;:&quot;px&quot;,&quot;size&quot;:&quot;&quot;,&quot;sizes&quot;:[]},&quot;_transform_skewY_effect_tablet&quot;:{&quot;unit&quot;:&quot;deg&quot;,&quot;size&quot;:&quot;&quot;,&quot;sizes&quot;:[]},&quot;_transform_skewY_effect_mobile&quot;:{&quot;unit&quot;:&quot;deg&quot;,&quot;size&quot;:&quot;&quot;,&quot;sizes&quot;:[]}}\" data-widget_type=\"text-editor.default\">\n\t\t\t\t<div class=\"elementor-widget-container\">\n\t\t\t\t\t\t\t\t\t<ul><li><em>\u017eivilski tehnik<\/em><\/li><li><em>ko\u0161arka\u0161ki trener <\/em><\/li><\/ul>\t\t\t\t\t\t\t\t<\/div>\n\t\t\t\t<\/div>\n\t\t\t\t\t<\/div>\n\t\t<\/div>\n\t\t\t\t\t<\/div>\n\t\t<\/section>\n\t\t\t\t<section class=\"elementor-section elementor-top-section elementor-element elementor-element-4a87983 elementor-section-boxed elementor-section-height-default elementor-section-height-default\" data-id=\"4a87983\" data-element_type=\"section\" data-e-type=\"section\">\n\t\t\t\t\t\t<div class=\"elementor-container elementor-column-gap-default\">\n\t\t\t\t\t<div class=\"elementor-column elementor-col-50 elementor-top-column elementor-element elementor-element-1cd3fe0\" data-id=\"1cd3fe0\" data-element_type=\"column\" data-e-type=\"column\">\n\t\t\t<div class=\"elementor-widget-wrap elementor-element-populated\">\n\t\t\t\t\t\t<div class=\"elementor-element elementor-element-e42ee14 elementor-widget elementor-widget-text-editor\" data-id=\"e42ee14\" data-element_type=\"widget\" data-e-type=\"widget\" data-widget_type=\"text-editor.default\">\n\t\t\t\t<div class=\"elementor-widget-container\">\n\t\t\t\t\t\t\t\t\t<p><em><strong>\u00a0\u00a0\u00a0\u00a0\u00a0\u00a0\u00a0\u00a0\u00a0\u00a0\u00a0\u00a0\u00a0\u00a0\u00a0\u00a0\u00a0\u00a0\u00a0\u00a0\u00a0\u00a0\u00a0 \u00a0 \u00a0 \u00a0\u00a0 \u00a0\u00a0\u00a0\u00a0\u00a0\u00a0\u00a0\u00a0\u00a0\u00a0\u00a0 <span style=\"color: #000000;\">\u017divljenje:<\/span><\/strong><\/em><\/p>\t\t\t\t\t\t\t\t<\/div>\n\t\t\t\t<\/div>\n\t\t\t\t\t<\/div>\n\t\t<\/div>\n\t\t\t\t<div class=\"elementor-column elementor-col-50 elementor-top-column elementor-element elementor-element-eb44539\" data-id=\"eb44539\" data-element_type=\"column\" data-e-type=\"column\" data-settings=\"{&quot;background_background&quot;:&quot;classic&quot;,&quot;animation&quot;:&quot;none&quot;}\">\n\t\t\t<div class=\"elementor-widget-wrap elementor-element-populated\">\n\t\t\t\t\t<div class=\"elementor-background-overlay\"><\/div>\n\t\t\t\t\t\t<div class=\"elementor-element elementor-element-0566ae4 elementor-widget elementor-widget-text-editor\" data-id=\"0566ae4\" data-element_type=\"widget\" data-e-type=\"widget\" data-widget_type=\"text-editor.default\">\n\t\t\t\t<div class=\"elementor-widget-container\">\n\t\t\t\t\t\t\t\t\t<p><span style=\"color: #000000;\">Mehmed \u00bbMemi\u00ab Be\u010dirovi\u0107 se je rodil 1. marca 1961 v Slovenski Bistrici o\u010detu <strong><a href=\"https:\/\/biografski-sb.si\/?page_id=3802\">Aslanu Be\u010dirovi\u0107u<\/a><\/strong>, sla\u0161\u010di\u010darju, in materi Dudi, rojeni Sad\u017eak.<br \/>Osnovno \u0161olo je obiskoval v Slovenski Bistrici, \u0161olanje pa nadaljeval na Srednji \u0161oli za prehrano in \u017eivilstvo v Mariboru, smer \u017eivilski tehnik.<br \/>Po kon\u010dani srednji \u0161oli se je ukvarjal z gostinstvom.<br \/>Leta 1980 se je poro\u010dil s \u0160adijo, rojeno Ismaili. V zakonu sta se jima rodila sin <strong><a href=\"https:\/\/biografski-sb.si\/?page_id=19264\">Sani Be\u010dirovi\u0107<\/a><\/strong> (1981), neko\u010d znan slovenski profesionalni ko\u0161arkar, trenutno pa \u0161portni direktor Cedevite Olimpije, in h\u010di Jasmina (1985).<br \/>Kot trener je za\u010del delati leta 1983 v Slovenski Bistrici, kasneje je kon\u010dal tudi trenersko \u0161olo na Fakulteti za \u0161port v Ljubljani.<br \/>Memi Be\u010dirovi\u0107 je bil prvi\u010d glavni trener \u010dlanske ekipe v sezoni 1997\u221299, ko je vodil mariborski Satex oz. Po\u0161ta Branik v prvi slovenski ligi. V sezoni 1999\u22122000 je bil glavni trener mladih \u010dlanov Uniona Olimpije. V prvo ligo se je vrnil v sezoni 2002\u221203 kot glavni trener Rogle, naslednjo sezono pa Elektre. Njegova prva zaposlitev v tujini je bila v Riminiju (Italija). Med leti 2005\u221207 je vodil Helios Dom\u017eale, poleti 2007 pa je bil imenovan za glavnega trenerja evroliga\u0161ke Olimpije. 6. januarja 2008 je odstopil s polo\u017eaja, zamenjal ga je Aleksandar D\u017eiki\u0107. <br \/>6. februarja 2008 je prevzel ukrajinski Azovma\u0161 Mariupol in ga kmalu po za\u010detku sezone, 11. novembra 2008, zaradi finan\u010dnih te\u017eav kluba zapustil.<br \/>Pri slovenski \u010dlanski vrsti je prvi\u010d delal na EP 2001 kot pomo\u010dnik selektorju Zrinskemu. Be\u010dirovi\u0107 je imenovan za selektorja decembra 2009. Uspe\u0161no je vodil reprezentanco na SP 2010, saj je Slovenija prvi\u010d napredovala iz skupine in zasedla kon\u010dno 8. mesto. <br \/>S strani novinarjev je bil nagrajen kot najbolj\u0161i slovenski trener leta 2007\/08.<br \/>Od junija 2009 do 28. marca 2010 je bil glavni trener BC Oostende v prvi belgijski ligi. <br \/>V Iranu je od novembra 2012 do aprila 2013 vodil klub Mahran Tehran. Maja 2012 je prevzel mesto glavnega trenerja iranske reprezentance in jo vodil do azijskega prvaka (FIBA Asia Championship) leta 2013 in zmagovalca azijskega pokala (FIBA Asia Cup) leta 2014. Ekipo je vodil tudi na svetovnem prvenstvu 2014 v \u0160paniji. V aprilu 2015 so ga odstavili.<br \/>Drugi\u010d je prevzel trenersko mesto pri Olimpiji 22. februarja 2015 in jo vodil do konca sezone. <br \/>Hkrati s klubskim delom je vodil mlaj\u0161e kategorije slovenske reprezentance. Glavni trener ekipe do 20 let je bil v letih 1999 in 2002 in ekipe do 18 let med leti 2000\u221203. <br \/>Leta 2015 se je preselil na Kitajsko. Prvo leto je delal kot pomo\u010dnik, od leta 2016\u221222 pa uradno kot glavni trener Jiangsu Dragons v prvi kitajski ligi (CBA). <\/span><\/p>\t\t\t\t\t\t\t\t<\/div>\n\t\t\t\t<\/div>\n\t\t\t\t\t<\/div>\n\t\t<\/div>\n\t\t\t\t\t<\/div>\n\t\t<\/section>\n\t\t\t\t<section class=\"elementor-section elementor-top-section elementor-element elementor-element-7a1136f elementor-section-boxed elementor-section-height-default elementor-section-height-default\" data-id=\"7a1136f\" data-element_type=\"section\" data-e-type=\"section\">\n\t\t\t\t\t\t<div class=\"elementor-container elementor-column-gap-default\">\n\t\t\t\t\t<div class=\"elementor-column elementor-col-50 elementor-top-column elementor-element elementor-element-4d20069\" data-id=\"4d20069\" data-element_type=\"column\" data-e-type=\"column\">\n\t\t\t<div class=\"elementor-widget-wrap elementor-element-populated\">\n\t\t\t\t\t\t<div class=\"elementor-element elementor-element-3a9fcd8 elementor-widget elementor-widget-text-editor\" data-id=\"3a9fcd8\" data-element_type=\"widget\" data-e-type=\"widget\" data-widget_type=\"text-editor.default\">\n\t\t\t\t<div class=\"elementor-widget-container\">\n\t\t\t\t\t\t\t\t\t<p><em><strong>\u00a0\u00a0\u00a0\u00a0\u00a0\u00a0\u00a0\u00a0\u00a0\u00a0\u00a0\u00a0\u00a0\u00a0\u00a0\u00a0\u00a0\u00a0\u00a0\u00a0\u00a0\u00a0\u00a0 \u00a0 \u00a0 \u00a0\u00a0 \u00a0\u00a0\u00a0 \u00a0 \u00a0\u00a0 \u00a0\u00a0\u00a0\u00a0\u00a0\u00a0 <span style=\"color: #000000;\">Dose\u017eki:<\/span><\/strong><\/em><\/p>\t\t\t\t\t\t\t\t<\/div>\n\t\t\t\t<\/div>\n\t\t\t\t\t<\/div>\n\t\t<\/div>\n\t\t\t\t<div class=\"elementor-column elementor-col-50 elementor-top-column elementor-element elementor-element-196e0cc\" data-id=\"196e0cc\" data-element_type=\"column\" data-e-type=\"column\" data-settings=\"{&quot;background_background&quot;:&quot;classic&quot;,&quot;animation&quot;:&quot;none&quot;}\">\n\t\t\t<div class=\"elementor-widget-wrap elementor-element-populated\">\n\t\t\t\t\t<div class=\"elementor-background-overlay\"><\/div>\n\t\t\t\t\t\t<div class=\"elementor-element elementor-element-d1d0e85 elementor-widget elementor-widget-text-editor\" data-id=\"d1d0e85\" data-element_type=\"widget\" data-e-type=\"widget\" data-widget_type=\"text-editor.default\">\n\t\t\t\t<div class=\"elementor-widget-container\">\n\t\t\t\t\t\t\t\t\t<ul><li><strong><em>Osvojeno:<\/em><\/strong><ul><li><em>Prvenstvo Slovenije (2007)<\/em><\/li><li><em>Pokal Slovenije (2007)<\/em><\/li><li><em>Prvenstvo Ukrajine (2008)<\/em><\/li><li><em>pokal Ukrajine (2008)<\/em><\/li><li><em>Azijsko prvenstvo (2013)<\/em><\/li><li><em>Azijski pokal (2012, 2014)<\/em><\/li><\/ul><\/li><\/ul>\t\t\t\t\t\t\t\t<\/div>\n\t\t\t\t<\/div>\n\t\t\t\t\t<\/div>\n\t\t<\/div>\n\t\t\t\t\t<\/div>\n\t\t<\/section>\n\t\t\t\t<section class=\"elementor-section elementor-top-section elementor-element elementor-element-1e252f1 elementor-section-boxed elementor-section-height-default elementor-section-height-default\" data-id=\"1e252f1\" data-element_type=\"section\" data-e-type=\"section\" data-settings=\"{&quot;background_background&quot;:&quot;classic&quot;}\">\n\t\t\t\t\t\t<div class=\"elementor-container elementor-column-gap-default\">\n\t\t\t\t\t<div class=\"elementor-column elementor-col-50 elementor-top-column elementor-element elementor-element-f365d1c\" data-id=\"f365d1c\" data-element_type=\"column\" data-e-type=\"column\">\n\t\t\t<div class=\"elementor-widget-wrap elementor-element-populated\">\n\t\t\t\t\t\t<div class=\"elementor-element elementor-element-60d47c5 elementor-widget elementor-widget-text-editor\" data-id=\"60d47c5\" data-element_type=\"widget\" data-e-type=\"widget\" data-widget_type=\"text-editor.default\">\n\t\t\t\t<div class=\"elementor-widget-container\">\n\t\t\t\t\t\t\t\t\t<p><em><strong><span style=\"color: #000000;\">Viri in literatura:<\/span><br \/><\/strong><\/em><\/p>\t\t\t\t\t\t\t\t<\/div>\n\t\t\t\t<\/div>\n\t\t\t\t\t<\/div>\n\t\t<\/div>\n\t\t\t\t<div class=\"elementor-column elementor-col-50 elementor-top-column elementor-element elementor-element-45366ae\" data-id=\"45366ae\" data-element_type=\"column\" data-e-type=\"column\">\n\t\t\t<div class=\"elementor-widget-wrap elementor-element-populated\">\n\t\t\t\t\t\t<div class=\"elementor-element elementor-element-31d9ae1 elementor-widget elementor-widget-text-editor\" data-id=\"31d9ae1\" data-element_type=\"widget\" data-e-type=\"widget\" data-widget_type=\"text-editor.default\">\n\t\t\t\t<div class=\"elementor-widget-container\">\n\t\t\t\t\t\t\t\t\t<ul><li><em>Informator: Be\u010dirovi\u0107, Mehmed, Maribor, januar 2023.<\/em><\/li><li><em>Wikipedija<\/em><\/li><\/ul>\t\t\t\t\t\t\t\t<\/div>\n\t\t\t\t<\/div>\n\t\t\t\t\t<\/div>\n\t\t<\/div>\n\t\t\t\t\t<\/div>\n\t\t<\/section>\n\t\t\t\t<section class=\"elementor-section elementor-top-section elementor-element elementor-element-44a0bef elementor-section-boxed elementor-section-height-default elementor-section-height-default\" data-id=\"44a0bef\" data-element_type=\"section\" data-e-type=\"section\" data-settings=\"{&quot;background_background&quot;:&quot;classic&quot;}\">\n\t\t\t\t\t\t<div class=\"elementor-container elementor-column-gap-default\">\n\t\t\t\t\t<div class=\"elementor-column elementor-col-100 elementor-top-column elementor-element elementor-element-b7f4188\" data-id=\"b7f4188\" data-element_type=\"column\" data-e-type=\"column\">\n\t\t\t<div class=\"elementor-widget-wrap elementor-element-populated\">\n\t\t\t\t\t\t<div class=\"elementor-element elementor-element-ed64c23 elementor-widget elementor-widget-text-editor\" data-id=\"ed64c23\" data-element_type=\"widget\" data-e-type=\"widget\" data-widget_type=\"text-editor.default\">\n\t\t\t\t<div class=\"elementor-widget-container\">\n\t\t\t\t\t\t\t\t\t<p><em>Avtor gesla: Silvo Husu<\/em><\/p><p><em>Datum objave: 22. marec 2023<\/em><\/p>\t\t\t\t\t\t\t\t<\/div>\n\t\t\t\t<\/div>\n\t\t\t\t\t<\/div>\n\t\t<\/div>\n\t\t\t\t\t<\/div>\n\t\t<\/section>\n\t\t\t\t<section class=\"elementor-section elementor-top-section elementor-element elementor-element-e74cba6 elementor-section-content-middle elementor-section-boxed elementor-section-height-default elementor-section-height-default\" data-id=\"e74cba6\" data-element_type=\"section\" data-e-type=\"section\" data-settings=\"{&quot;background_background&quot;:&quot;classic&quot;}\">\n\t\t\t\t\t\t<div class=\"elementor-container elementor-column-gap-custom\">\n\t\t\t\t\t<div class=\"elementor-column elementor-col-100 elementor-top-column elementor-element elementor-element-21ea9b0\" data-id=\"21ea9b0\" data-element_type=\"column\" data-e-type=\"column\">\n\t\t\t<div class=\"elementor-widget-wrap elementor-element-populated\">\n\t\t\t\t\t\t<div class=\"elementor-element elementor-element-6d4a885 elementor-widget__width-initial elementor-widget elementor-widget-text-editor\" data-id=\"6d4a885\" data-element_type=\"widget\" data-e-type=\"widget\" data-widget_type=\"text-editor.default\">\n\t\t\t\t<div class=\"elementor-widget-container\">\n\t\t\t\t\t\t\t\t\t<p><span class=\"sp-copyright\"><span style=\"color: #ffffff;\">\u00a9 Copyrights biografski-sb.si \/ Silvo Husu<\/span><br \/><\/span><\/p>\t\t\t\t\t\t\t\t<\/div>\n\t\t\t\t<\/div>\n\t\t\t\t\t<\/div>\n\t\t<\/div>\n\t\t\t\t\t<\/div>\n\t\t<\/section>\n\t\t\t\t<\/div>\n\t\t","protected":false},"excerpt":{"rendered":"<p>Foto: Osebni arhiv Memija Be\u010dirovi\u0107a BE\u010cIROVI\u0106, Mehmed &#8211; Memi (1961\u2212) * 1. marec 1961 \u2022 Slovenska Bistrica Poklic ali dejavnost: \u017eivilski tehnik ko\u0161arka\u0161ki trener \u00a0\u00a0\u00a0\u00a0\u00a0\u00a0\u00a0\u00a0\u00a0\u00a0\u00a0\u00a0\u00a0\u00a0\u00a0\u00a0\u00a0\u00a0\u00a0\u00a0\u00a0\u00a0\u00a0 \u00a0 \u00a0 \u00a0\u00a0 \u00a0\u00a0\u00a0\u00a0\u00a0\u00a0\u00a0\u00a0\u00a0\u00a0\u00a0 \u017divljenje: Mehmed \u00bbMemi\u00ab Be\u010dirovi\u0107 se je rodil 1. marca 1961 v Slovenski Bistrici o\u010detu Aslanu Be\u010dirovi\u0107u, sla\u0161\u010di\u010darju, in materi Dudi, rojeni Sad\u017eak.Osnovno \u0161olo je obiskoval v [&hellip;]<\/p>\n","protected":false},"author":1,"featured_media":0,"parent":0,"menu_order":0,"comment_status":"closed","ping_status":"closed","template":"","meta":{"ocean_post_layout":"full-screen","ocean_both_sidebars_style":"","ocean_both_sidebars_content_width":0,"ocean_both_sidebars_sidebars_width":0,"ocean_sidebar":"0","ocean_second_sidebar":"0","ocean_disable_margins":"enable","ocean_add_body_class":"","ocean_shortcode_before_top_bar":"","ocean_shortcode_after_top_bar":"","ocean_shortcode_before_header":"","ocean_shortcode_after_header":"","ocean_has_shortcode":"","ocean_shortcode_after_title":"","ocean_shortcode_before_footer_widgets":"","ocean_shortcode_after_footer_widgets":"","ocean_shortcode_before_footer_bottom":"","ocean_shortcode_after_footer_bottom":"","ocean_display_top_bar":"off","ocean_display_header":"default","ocean_header_style":"","ocean_center_header_left_menu":"0","ocean_custom_header_template":"0","ocean_custom_logo":0,"ocean_custom_retina_logo":0,"ocean_custom_logo_max_width":0,"ocean_custom_logo_tablet_max_width":0,"ocean_custom_logo_mobile_max_width":0,"ocean_custom_logo_max_height":0,"ocean_custom_logo_tablet_max_height":0,"ocean_custom_logo_mobile_max_height":0,"ocean_header_custom_menu":"0","ocean_menu_typo_font_family":"0","ocean_menu_typo_font_subset":"","ocean_menu_typo_font_size":0,"ocean_menu_typo_font_size_tablet":0,"ocean_menu_typo_font_size_mobile":0,"ocean_menu_typo_font_size_unit":"px","ocean_menu_typo_font_weight":"","ocean_menu_typo_font_weight_tablet":"","ocean_menu_typo_font_weight_mobile":"","ocean_menu_typo_transform":"","ocean_menu_typo_transform_tablet":"","ocean_menu_typo_transform_mobile":"","ocean_menu_typo_line_height":0,"ocean_menu_typo_line_height_tablet":0,"ocean_menu_typo_line_height_mobile":0,"ocean_menu_typo_line_height_unit":"","ocean_menu_typo_spacing":0,"ocean_menu_typo_spacing_tablet":0,"ocean_menu_typo_spacing_mobile":0,"ocean_menu_typo_spacing_unit":"","ocean_menu_link_color":"","ocean_menu_link_color_hover":"","ocean_menu_link_color_active":"","ocean_menu_link_background":"","ocean_menu_link_hover_background":"","ocean_menu_link_active_background":"","ocean_menu_social_links_bg":"","ocean_menu_social_hover_links_bg":"","ocean_menu_social_links_color":"","ocean_menu_social_hover_links_color":"","ocean_disable_title":"on","ocean_disable_heading":"default","ocean_post_title":"","ocean_post_subheading":"","ocean_post_title_style":"","ocean_post_title_background_color":"","ocean_post_title_background":0,"ocean_post_title_bg_image_position":"","ocean_post_title_bg_image_attachment":"","ocean_post_title_bg_image_repeat":"","ocean_post_title_bg_image_size":"","ocean_post_title_height":0,"ocean_post_title_bg_overlay":0.5,"ocean_post_title_bg_overlay_color":"","ocean_disable_breadcrumbs":"default","ocean_breadcrumbs_color":"","ocean_breadcrumbs_separator_color":"","ocean_breadcrumbs_links_color":"","ocean_breadcrumbs_links_hover_color":"","ocean_display_footer_widgets":"off","ocean_display_footer_bottom":"off","ocean_custom_footer_template":"0","footnotes":""},"class_list":["post-25345","page","type-page","status-publish","hentry","entry"],"_links":{"self":[{"href":"https:\/\/biografski-sb.si\/index.php?rest_route=\/wp\/v2\/pages\/25345","targetHints":{"allow":["GET"]}}],"collection":[{"href":"https:\/\/biografski-sb.si\/index.php?rest_route=\/wp\/v2\/pages"}],"about":[{"href":"https:\/\/biografski-sb.si\/index.php?rest_route=\/wp\/v2\/types\/page"}],"author":[{"embeddable":true,"href":"https:\/\/biografski-sb.si\/index.php?rest_route=\/wp\/v2\/users\/1"}],"replies":[{"embeddable":true,"href":"https:\/\/biografski-sb.si\/index.php?rest_route=%2Fwp%2Fv2%2Fcomments&post=25345"}],"version-history":[{"count":38,"href":"https:\/\/biografski-sb.si\/index.php?rest_route=\/wp\/v2\/pages\/25345\/revisions"}],"predecessor-version":[{"id":35853,"href":"https:\/\/biografski-sb.si\/index.php?rest_route=\/wp\/v2\/pages\/25345\/revisions\/35853"}],"wp:attachment":[{"href":"https:\/\/biografski-sb.si\/index.php?rest_route=%2Fwp%2Fv2%2Fmedia&parent=25345"}],"curies":[{"name":"wp","href":"https:\/\/api.w.org\/{rel}","templated":true}]}}